{"id":12,"date":"2024-07-11T16:55:51","date_gmt":"2024-07-11T16:55:51","guid":{"rendered":"https:\/\/thebosshookah.com\/?page_id=12"},"modified":"2024-08-08T14:29:00","modified_gmt":"2024-08-08T14:29:00","slug":"elementor-12","status":"publish","type":"page","link":"https:\/\/thebosshookah.com\/","title":{"rendered":"Anasayfa"},"content":{"rendered":"\t\t<div data-elementor-type=\"wp-post\" data-elementor-id=\"12\" class=\"elementor elementor-12\" data-elementor-post-type=\"page\">\n\t\t\t\t<div class=\"elementor-element elementor-element-c0b26ed e-con-full e-flex e-con e-parent\" data-id=\"c0b26ed\" data-element_type=\"container\" data-e-type=\"container\" data-settings=\"{&quot;background_background&quot;:&quot;slideshow&quot;,&quot;background_slideshow_gallery&quot;:[{&quot;id&quot;:311,&quot;url&quot;:&quot;https:\\\/\\\/thebosshookah.com\\\/wp-content\\\/uploads\\\/2024\\\/07\\\/banner1-min.jpg&quot;},{&quot;id&quot;:406,&quot;url&quot;:&quot;https:\\\/\\\/thebosshookah.com\\\/wp-content\\\/uploads\\\/2024\\\/07\\\/banner2.jpg&quot;}],&quot;background_slideshow_loop&quot;:&quot;yes&quot;,&quot;background_slideshow_slide_duration&quot;:5000,&quot;background_slideshow_slide_transition&quot;:&quot;fade&quot;,&quot;background_slideshow_transition_duration&quot;:500}\">\n\t\t<div class=\"elementor-element elementor-element-3243406 e-con-full e-flex e-con e-child\" data-id=\"3243406\" data-element_type=\"container\" data-e-type=\"container\">\n\t\t\t\t<div class=\"elementor-element elementor-element-e1bade8 elementor-widget elementor-widget-image\" data-id=\"e1bade8\" data-element_type=\"widget\" data-e-type=\"widget\" data-widget_type=\"image.default\">\n\t\t\t\t<div class=\"elementor-widget-container\">\n\t\t\t\t\t\t\t\t\t\t\t\t\t\t\t<img fetchpriority=\"high\" decoding=\"async\" width=\"512\" height=\"512\" src=\"https:\/\/thebosshookah.com\/wp-content\/uploads\/2024\/07\/the-boss-hookah-favicon-min.png\" class=\"attachment-large size-large wp-image-48\" alt=\"\" srcset=\"https:\/\/thebosshookah.com\/wp-content\/uploads\/2024\/07\/the-boss-hookah-favicon-min.png 512w, https:\/\/thebosshookah.com\/wp-content\/uploads\/2024\/07\/the-boss-hookah-favicon-min-300x300.png 300w, https:\/\/thebosshookah.com\/wp-content\/uploads\/2024\/07\/the-boss-hookah-favicon-min-150x150.png 150w\" sizes=\"(max-width: 512px) 100vw, 512px\" \/>\t\t\t\t\t\t\t\t\t\t\t\t\t\t\t<\/div>\n\t\t\t\t<\/div>\n\t\t\t\t<div class=\"elementor-element elementor-element-3c64e4f elementor-widget elementor-widget-heading\" data-id=\"3c64e4f\" data-element_type=\"widget\" data-e-type=\"widget\" data-widget_type=\"heading.default\">\n\t\t\t\t<div class=\"elementor-widget-container\">\n\t\t\t\t\t<h2 class=\"elementor-heading-title elementor-size-default\">The Boss Hookah &amp; Lounge'a<\/h2>\t\t\t\t<\/div>\n\t\t\t\t<\/div>\n\t\t\t\t<div class=\"elementor-element elementor-element-4f074c8 elementor-widget elementor-widget-heading\" data-id=\"4f074c8\" data-element_type=\"widget\" data-e-type=\"widget\" data-widget_type=\"heading.default\">\n\t\t\t\t<div class=\"elementor-widget-container\">\n\t\t\t\t\t<h2 class=\"elementor-heading-title elementor-size-default\">Ho\u015fgeldiniz<\/h2>\t\t\t\t<\/div>\n\t\t\t\t<\/div>\n\t\t\t\t<div class=\"elementor-element elementor-element-9a499e2 elementor-widget elementor-widget-heading\" data-id=\"9a499e2\" data-element_type=\"widget\" data-e-type=\"widget\" data-widget_type=\"heading.default\">\n\t\t\t\t<div class=\"elementor-widget-container\">\n\t\t\t\t\t<h6 class=\"elementor-heading-title elementor-size-default\">Masa oyunlar\u0131 ve nargile zevkinizi zirveye \u00e7\u0131kar\u0131yoruz.<\/h6>\t\t\t\t<\/div>\n\t\t\t\t<\/div>\n\t\t\t\t<\/div>\n\t\t\t\t<\/div>\n\t\t\t\t<\/div>\n\t\t","protected":false},"excerpt":{"rendered":"<p>The Boss Hookah &#038; Lounge&#8217;a Ho\u015fgeldiniz Masa oyunlar\u0131 ve nargile zevkinizi zirveye \u00e7\u0131kar\u0131yoruz.<\/p>\n","protected":false},"author":1,"featured_media":0,"parent":0,"menu_order":0,"comment_status":"closed","ping_status":"closed","template":"elementor_header_footer","meta":{"footnotes":""},"class_list":["post-12","page","type-page","status-publish","hentry"],"_links":{"self":[{"href":"https:\/\/thebosshookah.com\/wp-json\/wp\/v2\/pages\/12","targetHints":{"allow":["GET"]}}],"collection":[{"href":"https:\/\/thebosshookah.com\/wp-json\/wp\/v2\/pages"}],"about":[{"href":"https:\/\/thebosshookah.com\/wp-json\/wp\/v2\/types\/page"}],"author":[{"embeddable":true,"href":"https:\/\/thebosshookah.com\/wp-json\/wp\/v2\/users\/1"}],"replies":[{"embeddable":true,"href":"https:\/\/thebosshookah.com\/wp-json\/wp\/v2\/comments?post=12"}],"version-history":[{"count":50,"href":"https:\/\/thebosshookah.com\/wp-json\/wp\/v2\/pages\/12\/revisions"}],"predecessor-version":[{"id":972,"href":"https:\/\/thebosshookah.com\/wp-json\/wp\/v2\/pages\/12\/revisions\/972"}],"wp:attachment":[{"href":"https:\/\/thebosshookah.com\/wp-json\/wp\/v2\/media?parent=12"}],"curies":[{"name":"wp","href":"https:\/\/api.w.org\/{rel}","templated":true}]}}